{"id":4296,"date":"2020-03-31T11:50:45","date_gmt":"2020-03-31T11:50:45","guid":{"rendered":"https:\/\/yihr.me\/alb\/?page_id=4296"},"modified":"2020-03-31T11:50:46","modified_gmt":"2020-03-31T11:50:46","slug":"yihr-rrijeti","status":"publish","type":"page","link":"https:\/\/yihr.me\/alb\/yihr-rrijeti\/","title":{"rendered":"YIHR rrijeti"},"content":{"rendered":"\n<p>YOUTH INITIATIVE FOR HUMAN RIGHTS<br>Inicijativa mladih za ljudska prava<br>Nisma e te rinjve p\u00ebr t\u00eb drejtat e njeriut<\/p>\n\n\n\n<hr class=\"wp-block-separator is-style-wide\"\/>\n\n\n\n<p>YIHR in Prishtin\u00eb\/Pri\u0161tina<br><strong>Address:<\/strong> Gustav Mayer 6, 10000 Prishtin\u00eb\/Pri\u0161tina, Kosovo<br><strong>Tel\/fax:<\/strong> +381 38 248 509<br><strong>Mail:<\/strong> ksoffice@yihr.org<\/p>\n\n\n\n<hr class=\"wp-block-separator is-style-wide\"\/>\n\n\n\n<p>YIHR in Belgrade<br><strong>Address:<\/strong> Dobra\u010dina 4, 11000 Belgrade, Serbia<br><strong>Tel:<\/strong> +381 11 30 35 145 <br><strong>Fax:<\/strong> +381 11 32 22 861 <br><strong>Mobile:<\/strong> +381 63 8468 906<br><strong>Mail:<\/strong> office@yihr.org, contact@yihr.org<\/p>\n\n\n\n<hr class=\"wp-block-separator is-style-wide\"\/>\n\n\n\n<p>YIHR in Sarajevo<br><strong>Address:<\/strong> Mula Mustafe Ba\u0161eskije 8\/4, 71000 Sarajevo, Bosnia and Herzegovina<br><strong>Tel\/fax:<\/strong> +387 33 219 047<br><strong>Mail:<\/strong> bhoffice@yihr.org<\/p>\n\n\n\n<hr class=\"wp-block-separator is-style-wide\"\/>\n\n\n\n<p>YIHR in Zagreb<br><strong>Address:<\/strong> Ignjata \u0110or\u0111i\u0107a 8A, 10000 Zagreb, Croatia<br><strong>Mob:<\/strong> 00385 98 552976<br><strong>Mail:<\/strong> croatia@yihr.org<\/p>\n\n\n\n<div style=\"height:30px\" aria-hidden=\"true\" class=\"wp-block-spacer\"><\/div>\n","protected":false},"excerpt":{"rendered":"<p>YOUTH INITIATIVE FOR HUMAN RIGHTSInicijativa mladih za ljudska pravaNisma e te rinjve p\u00ebr t\u00eb drejtat e njeriut YIHR in Prishtin\u00eb\/Pri\u0161tinaAddress: Gustav Mayer 6, 10000 Prishtin\u00eb\/Pri\u0161tina, KosovoTel\/fax: +381 38 248 509Mail: ksoffice@yihr.org YIHR in BelgradeAddress: Dobra\u010dina 4, 11000 Belgrade, SerbiaTel: +381 11 30 35 145 Fax: +381 11 32 22 861 [&hellip;]<\/p>\n","protected":false},"author":1,"featured_media":0,"parent":0,"menu_order":0,"comment_status":"closed","ping_status":"closed","template":"","meta":{"footnotes":""},"class_list":["post-4296","page","type-page","status-publish","hentry"],"aioseo_notices":[],"_links":{"self":[{"href":"https:\/\/yihr.me\/alb\/wp-json\/wp\/v2\/pages\/4296","targetHints":{"allow":["GET"]}}],"collection":[{"href":"https:\/\/yihr.me\/alb\/wp-json\/wp\/v2\/pages"}],"about":[{"href":"https:\/\/yihr.me\/alb\/wp-json\/wp\/v2\/types\/page"}],"author":[{"embeddable":true,"href":"https:\/\/yihr.me\/alb\/wp-json\/wp\/v2\/users\/1"}],"replies":[{"embeddable":true,"href":"https:\/\/yihr.me\/alb\/wp-json\/wp\/v2\/comments?post=4296"}],"version-history":[{"count":0,"href":"https:\/\/yihr.me\/alb\/wp-json\/wp\/v2\/pages\/4296\/revisions"}],"wp:attachment":[{"href":"https:\/\/yihr.me\/alb\/wp-json\/wp\/v2\/media?parent=4296"}],"curies":[{"name":"wp","href":"https:\/\/api.w.org\/{rel}","templated":true}]}}