{"id":4311,"date":"2020-03-31T12:08:31","date_gmt":"2020-03-31T12:08:31","guid":{"rendered":"https:\/\/yihr.me\/alb\/?page_id=4311"},"modified":"2020-04-28T14:39:12","modified_gmt":"2020-04-28T14:39:12","slug":"perballimi-me-te-kaluaren","status":"publish","type":"page","link":"https:\/\/yihr.me\/alb\/perballimi-me-te-kaluaren\/","title":{"rendered":"BALLAFAQIMI ME T\u00cb KALUAR\u00cbN"},"content":{"rendered":"\n<div style=\"height:50px\" aria-hidden=\"true\" class=\"wp-block-spacer\"><\/div>\n\n\n\n<p>P\u00ebr vite me radh\u00eb, Zyra e Nism\u00ebs n\u00eb Mal t\u00eb Zi ka punuar rajonalisht p\u00ebr t`u p\u00ebrballuar me t\u00eb kaluar\u00ebn dhe p\u00ebr t&#8217;i b\u00ebr\u00eb qytetar\u00ebt e saj t\u00eb vet\u00ebdijsh\u00ebm p\u00ebr at\u00eb q\u00eb po ndodhte k\u00ebtu dhe n\u00eb rajon gjat\u00eb viteve n\u00ebntedhjeta.<\/p>\n\n\n\n<p>Ne vazhdimisht jemi duke punuar n\u00eb procesin e ballafaqimit me t\u00eb kaluar\u00ebn, e cila shpesh \u00ebsht\u00eb pun\u00eb e v\u00ebshtir\u00eb sepse kjo tendenc\u00eb nuk p\u00ebrkon me politikat shtet\u00ebrore q\u00eb preferojn\u00eb t\u00eb p\u00ebrpiqen t\u00eb mbulojn\u00eb dhe injorojn\u00eb ngjarje t\u00eb tilla n\u00eb territorin ton\u00eb.<\/p>\n\n\n\n<p>S\u00eb bashku me zyrat e YIHR n\u00eb rajon, ne kemi punuar p\u00ebr t\u00eb organizuar shk\u00ebmbime rajonale t\u00eb t\u00eb rinjve nga Mali i Zi, Serbia, Kroacia, Bosnja dhe Hercegovina dhe Kosova. Ata pat\u00ebn mund\u00ebsin\u00eb t\u00eb vizitojn\u00eb vendet ku ndodh\u00ebn krime lufte n\u00eb vitet 1990, , dhe kjo \u00ebsht\u00eb arsyeja pse urrejtja dhe paragjykimi vazhdojn\u00eb edhe sot n\u00eb mesin e popullat\u00ebs t\u00eb vjet\u00ebr dhe t\u00eb re..<\/p>\n\n\n\n<div style=\"height:100px\" aria-hidden=\"true\" class=\"wp-block-spacer\"><\/div>\n\n\n\n<p><br><\/p>\n","protected":false},"excerpt":{"rendered":"<p>P\u00ebr vite me radh\u00eb, Zyra e Nism\u00ebs n\u00eb Mal t\u00eb Zi ka punuar rajonalisht p\u00ebr t`u p\u00ebrballuar me t\u00eb kaluar\u00ebn dhe p\u00ebr t&#8217;i b\u00ebr\u00eb qytetar\u00ebt e saj t\u00eb vet\u00ebdijsh\u00ebm p\u00ebr at\u00eb q\u00eb po ndodhte k\u00ebtu dhe n\u00eb rajon gjat\u00eb viteve n\u00ebntedhjeta. Ne vazhdimisht jemi duke punuar n\u00eb procesin e ballafaqimit [&hellip;]<\/p>\n","protected":false},"author":1,"featured_media":0,"parent":0,"menu_order":0,"comment_status":"closed","ping_status":"closed","template":"","meta":{"footnotes":""},"class_list":["post-4311","page","type-page","status-publish","hentry"],"aioseo_notices":[],"_links":{"self":[{"href":"https:\/\/yihr.me\/alb\/wp-json\/wp\/v2\/pages\/4311","targetHints":{"allow":["GET"]}}],"collection":[{"href":"https:\/\/yihr.me\/alb\/wp-json\/wp\/v2\/pages"}],"about":[{"href":"https:\/\/yihr.me\/alb\/wp-json\/wp\/v2\/types\/page"}],"author":[{"embeddable":true,"href":"https:\/\/yihr.me\/alb\/wp-json\/wp\/v2\/users\/1"}],"replies":[{"embeddable":true,"href":"https:\/\/yihr.me\/alb\/wp-json\/wp\/v2\/comments?post=4311"}],"version-history":[{"count":0,"href":"https:\/\/yihr.me\/alb\/wp-json\/wp\/v2\/pages\/4311\/revisions"}],"wp:attachment":[{"href":"https:\/\/yihr.me\/alb\/wp-json\/wp\/v2\/media?parent=4311"}],"curies":[{"name":"wp","href":"https:\/\/api.w.org\/{rel}","templated":true}]}}