{"id":4319,"date":"2020-03-31T12:10:40","date_gmt":"2020-03-31T12:10:40","guid":{"rendered":"https:\/\/yihr.me\/alb\/?page_id=4319"},"modified":"2020-04-28T14:41:05","modified_gmt":"2020-04-28T14:41:05","slug":"misioni","status":"publish","type":"page","link":"https:\/\/yihr.me\/alb\/misioni\/","title":{"rendered":"MISIONI"},"content":{"rendered":"\n<div style=\"height:50px\" aria-hidden=\"true\" class=\"wp-block-spacer\"><\/div>\n\n\n\n<p>Nisma e t\u00eb Rinjve p\u00ebr t\u00eb Drejtat e Njeriut &#8211; Mali i Zi<br><\/p>\n\n\n\n<p>Nisma e t\u00eb Rinjve p\u00ebr t\u00eb Drejtat e Njeriut \u00ebsht\u00eb nj\u00eb rrjet rajonal i organizatave joqeveritare me zyra n\u00eb Mal t\u00eb Zi, Serbi, Kroaci, Bosnje dhe Hercegovin\u00eb dhe Kosov\u00eb.<br><\/p>\n\n\n\n<p>YIHR &#8211; Mali i Zi u themelua n\u00eb vitin 2006 si nj\u00eb organizat\u00eb jofitimprur\u00ebse, joqeveritare, puna e s\u00eb cil\u00ebs bazohet n\u00eb besimin se t\u00eb drejtat e njeriut dhe vlerat qytetare jan\u00eb baza e nj\u00eb shoq\u00ebrie t\u00eb hapur dhe t\u00eb prosperuar p\u00ebr t\u00eb cil\u00ebn ne p\u00ebrpiqemi. Misioni i Nism\u00ebs \u00ebsht\u00eb t\u00eb kontribuoj\u00eb n\u00eb m\u00ebnyr\u00eb cil\u00ebsore dhe aktive n\u00eb zhvillimin e nj\u00eb shoq\u00ebrie t\u00eb till\u00eb n\u00eb Mal t\u00eb Zi dhe rajonin e Ballkanit Per\u00ebndimor, p\u00ebrmes nj\u00eb rrjeti bashk\u00ebpunimi me organizatat partnere t\u00eb saj. N\u00eb pun\u00ebn e saj, YIHR \u00ebsht\u00eb e p\u00ebrkushtuar n\u00eb mbrojtjen e viktimave t\u00eb shkeljeve t\u00eb t\u00eb drejtave t\u00eb njeriut, promovimin e sundimit t\u00eb ligjit dhe promovimin e nj\u00eb kulture politike demokratike.<br><\/p>\n\n\n\n<p>Rrjeti Rajonal i Nism\u00ebs Rinore p\u00ebr t\u00eb Drejtat e Njeriut \u00ebsht\u00eb marr\u00ebsi i \u00e7mimit prestigjioz Vaclav Havel p\u00ebr t\u00eb Drejtat e Njeriut, i cili \u00ebsht\u00eb dh\u00ebn\u00eb nga Asambleja Parlamentare e K\u00ebshillit t\u00eb Evrop\u00ebs q\u00eb nga 2009. Me \u00e7imin Vaclav Havel shp\u00ebrblehen organizatat dhe individ\u00ebt p\u00ebr kontribut t\u00eb jasht\u00ebzakonsh\u00ebm n\u00eb t\u00eb drejtat e njeriut n\u00eb Evrop\u00eb dhe n\u00eb mbar\u00eb bot\u00ebn.<br><\/p>\n\n\n\n<p>Duke marr\u00eb pjes\u00eb n\u00eb Grupin e Pun\u00ebs p\u00ebr Kapitullin 24 t\u00eb Negociatave, ne po ndjekim gjithashtu procesin e pranimit n\u00eb Bashkimin Evropian.<\/p>\n\n\n\n<p>Mandati i Nism\u00ebs n\u00eb Mal t\u00eb Zi p\u00ebrfshin aktivitete q\u00eb synojn\u00eb:<\/p>\n\n\n\n<p>&#8211; hetimin, monitorimin dhe dokumentimin e shkeljeve t\u00eb t\u00eb drejtave t\u00eb njeriut,<\/p>\n\n\n\n<p>&#8211; ofrimin e ndihm\u00ebs juridike falas p\u00ebr viktimat e abuzimeve t\u00eb t\u00eb drejtave t\u00eb njeriut dhe p\u00ebrfaq\u00ebsimit publik p\u00ebr t\u00eb p\u00ebrmir\u00ebsuar pozicionin e viktimave,<\/p>\n\n\n\n<p>&#8211; edukimi dhe ngritja e kapaciteteve t\u00eb grupeve t\u00eb synuara, ve\u00e7an\u00ebrisht t\u00eb rinjve aktiv\u00eb social\u00eb, p\u00ebrmes programeve arsimore,<\/p>\n\n\n\n<p>&#8211; bashk\u00ebpunimi rajonal,<\/p>\n\n\n\n<p>&#8211; p\u00ebrballja me t\u00eb kaluar\u00ebn dhe prezantimi i t\u00eb rinjve me t\u00eb kaluar\u00ebn.<\/p>\n\n\n\n<p>Vlerat thelb\u00ebsore t\u00eb Nism\u00ebs jan\u00eb e v\u00ebrteta, drejt\u00ebsia, p\u00ebrgjegj\u00ebsia, barazia politike, liria, demokracia dhe paqja.<\/p>\n\n\n\n<p><br><\/p>\n\n\n\n<div style=\"height:100px\" aria-hidden=\"true\" class=\"wp-block-spacer\"><\/div>\n","protected":false},"excerpt":{"rendered":"<p>Nisma e t\u00eb Rinjve p\u00ebr t\u00eb Drejtat e Njeriut &#8211; Mali i Zi Nisma e t\u00eb Rinjve p\u00ebr t\u00eb Drejtat e Njeriut \u00ebsht\u00eb nj\u00eb rrjet rajonal i organizatave joqeveritare me zyra n\u00eb Mal t\u00eb Zi, Serbi, Kroaci, Bosnje dhe Hercegovin\u00eb dhe Kosov\u00eb. YIHR &#8211; Mali i Zi u themelua n\u00eb [&hellip;]<\/p>\n","protected":false},"author":1,"featured_media":0,"parent":0,"menu_order":0,"comment_status":"closed","ping_status":"closed","template":"","meta":{"footnotes":""},"class_list":["post-4319","page","type-page","status-publish","hentry"],"aioseo_notices":[],"_links":{"self":[{"href":"https:\/\/yihr.me\/alb\/wp-json\/wp\/v2\/pages\/4319","targetHints":{"allow":["GET"]}}],"collection":[{"href":"https:\/\/yihr.me\/alb\/wp-json\/wp\/v2\/pages"}],"about":[{"href":"https:\/\/yihr.me\/alb\/wp-json\/wp\/v2\/types\/page"}],"author":[{"embeddable":true,"href":"https:\/\/yihr.me\/alb\/wp-json\/wp\/v2\/users\/1"}],"replies":[{"embeddable":true,"href":"https:\/\/yihr.me\/alb\/wp-json\/wp\/v2\/comments?post=4319"}],"version-history":[{"count":0,"href":"https:\/\/yihr.me\/alb\/wp-json\/wp\/v2\/pages\/4319\/revisions"}],"wp:attachment":[{"href":"https:\/\/yihr.me\/alb\/wp-json\/wp\/v2\/media?parent=4319"}],"curies":[{"name":"wp","href":"https:\/\/api.w.org\/{rel}","templated":true}]}}