{"id":4321,"date":"2020-03-31T12:11:29","date_gmt":"2020-03-31T12:11:29","guid":{"rendered":"https:\/\/yihr.me\/alb\/?page_id=4321"},"modified":"2024-05-24T13:16:54","modified_gmt":"2024-05-24T13:16:54","slug":"yihr-stafi","status":"publish","type":"page","link":"https:\/\/yihr.me\/alb\/yihr-stafi\/","title":{"rendered":"YIHR STAFI"},"content":{"rendered":"\r\n\r\n\r\n\r\n\r\n\r\n\r\n<p style=\"text-align: justify;\"><strong>Amina Muriq<\/strong>, Drejtore e P\u00ebrgjithshme, \u00ebsht\u00eb nga Rozhaja. Diplomoi n\u00eb Fakultetin Filozofik n\u00eb Nikshiq, Departamenti i Gjuh\u00ebs angleze dhe let\u00ebrsis\u00eb. Q\u00eb nga viti 2018 \u00ebsht\u00eb studente e magjistratur\u00ebs n\u00eb Fakultetin e Gjuh\u00ebve t\u00eb Huaja pran\u00eb Universitetit Mediteran n\u00eb Podgoric\u00eb. Ajo ka punuar n\u00eb Transportin Hekurudhor t\u00eb Malit t\u00eb Zi, ku gjat\u00eb 10 viteve t\u00eb fundit ka punuar k\u00ebto pun\u00eb: P\u00ebrkthyese n\u00eb gjuh\u00ebn angleze, bashk\u00ebpun\u00ebtore n\u00eb projekte nd\u00ebrkomb\u00ebtare dhe PR. Si menaxher dhe PR, ajo ishte p\u00ebrgjegj\u00ebse p\u00ebr marr\u00ebdh\u00ebniet me publikun t\u00eb korporatave, komunikimet, si dhe pamjen dhe prezantimin e faqes n\u00eb internet t\u00eb kompanis\u00eb. Q\u00eb nga prilli 2019, ajo \u00ebsht\u00eb e pun\u00ebsuar n\u00eb Fakultetin e Turizmit t\u00eb Universitetit Mediteran si asistente n\u00eb l\u00ebnd\u00ebn Business English n\u00eb studimet e vitit I, II dhe III. Gjat\u00eb karrier\u00ebs s\u00eb saj profesionale, ajo ka punuar edhe si asistente e projekteve n\u00eb disa projekte t\u00eb financuara nga institucione nd\u00ebrkomb\u00ebtare si Banka Bot\u00ebrore, Bashkimi Evropian dhe BERZH.<\/p>\r\n\r\n\r\n\r\n<p style=\"text-align: justify;\">Ajo i p\u00eblqen filmat, bi\u00e7iklet\u00ebn dhe udh\u00ebtimet.<\/p>\r\n<p style=\"text-align: justify;\"><strong>Mehdina Kasiq Sutkoviq<\/strong>, koordinator, jeton n\u00eb Podgoric\u00eb. Ajo p\u00ebrfundoi studimet universitare n\u00eb Fakultetin e Shkencave Politike, drejtimi i Studimeve Evropiane. N\u00eb t\u00eb nj\u00ebjtin fakultet, ajo u regjistrua n\u00eb studime t\u00eb specializuara, drejtimi i Marr\u00ebdh\u00ebnieve Nd\u00ebrkomb\u00ebtare.<\/p>\r\n<p style=\"text-align: justify;\">P\u00ebrfundoi me sukses trajnimin e saj p\u00ebr Lidere rinore si pjes\u00eb e Bursave t\u00eb USAID\u2019s Hope Fellowships. ajo p\u00ebrfundoi trajnimin p\u00ebr nj\u00eb aktiviste t\u00eb t\u00eb rinjve n\u00ebn organizimin e Forumit MNE dhe Save the Children. Gjat\u00eb viteve t\u00eb kaluara n\u00eb sektorin e OJQ-ve, fitoi p\u00ebrvoj\u00eb n\u00eb pun\u00ebn me f\u00ebmij\u00eb dhe t\u00eb rinj.<\/p>\r\n<p style=\"text-align: justify;\">\u00cbsht\u00eb nj\u00eb p\u00ebrfaq\u00ebsuese e Malit t\u00eb Zi n\u00eb London Academy of Art &amp; Craft Decoupage. Ajo e do kreativitetin dhe artizanatin. Ka kanalin e tij n\u00eb YouTube &#8220;Creativa MK&#8221; ku ndan kreativitetin e saj me t\u00eb tjer\u00ebt.<\/p>\r\n<p style=\"text-align: justify;\">Me bashk\u00ebshortin e saj Mirz\u00ebn kan\u00eb nj\u00eb djal\u00eb, Kerrimin dhe vajz\u00ebn Merjem.<\/p>\r\n\r\n\r\n","protected":false},"excerpt":{"rendered":"<p>Amina Muriq, Drejtore e P\u00ebrgjithshme, \u00ebsht\u00eb nga Rozhaja. Diplomoi n\u00eb Fakultetin Filozofik n\u00eb Nikshiq, Departamenti i Gjuh\u00ebs angleze dhe let\u00ebrsis\u00eb. Q\u00eb nga viti 2018 \u00ebsht\u00eb studente e magjistratur\u00ebs n\u00eb Fakultetin e Gjuh\u00ebve t\u00eb Huaja pran\u00eb Universitetit Mediteran n\u00eb Podgoric\u00eb. Ajo ka punuar n\u00eb Transportin Hekurudhor t\u00eb Malit t\u00eb Zi, ku [&hellip;]<\/p>\n","protected":false},"author":1,"featured_media":0,"parent":0,"menu_order":0,"comment_status":"closed","ping_status":"closed","template":"","meta":{"footnotes":""},"class_list":["post-4321","page","type-page","status-publish","hentry"],"aioseo_notices":[],"_links":{"self":[{"href":"https:\/\/yihr.me\/alb\/wp-json\/wp\/v2\/pages\/4321","targetHints":{"allow":["GET"]}}],"collection":[{"href":"https:\/\/yihr.me\/alb\/wp-json\/wp\/v2\/pages"}],"about":[{"href":"https:\/\/yihr.me\/alb\/wp-json\/wp\/v2\/types\/page"}],"author":[{"embeddable":true,"href":"https:\/\/yihr.me\/alb\/wp-json\/wp\/v2\/users\/1"}],"replies":[{"embeddable":true,"href":"https:\/\/yihr.me\/alb\/wp-json\/wp\/v2\/comments?post=4321"}],"version-history":[{"count":0,"href":"https:\/\/yihr.me\/alb\/wp-json\/wp\/v2\/pages\/4321\/revisions"}],"wp:attachment":[{"href":"https:\/\/yihr.me\/alb\/wp-json\/wp\/v2\/media?parent=4321"}],"curies":[{"name":"wp","href":"https:\/\/api.w.org\/{rel}","templated":true}]}}