{"id":4323,"date":"2020-03-31T12:12:13","date_gmt":"2020-03-31T12:12:13","guid":{"rendered":"https:\/\/yihr.me\/alb\/?page_id=4323"},"modified":"2023-01-12T12:57:05","modified_gmt":"2023-01-12T12:57:05","slug":"bordi-dhe-asanbleja","status":"publish","type":"page","link":"https:\/\/yihr.me\/alb\/bordi-dhe-asanbleja\/","title":{"rendered":"BORDI DHE ASANBLEJA"},"content":{"rendered":"\r\n<h4 class=\"wp-block-heading\">AN\u00cbTAR\u00cbT E BORDIT T\u00cb MENAXHIMIT YIHR<\/h4>\r\n\r\n\r\n\r\n\r\n\r\n\r\n\r\n<p><strong>Aleksandra Dubak<\/strong>, Drejtori i Programit, \u00ebsht\u00eb nga Podgorica. Ajo diplomoi n\u00eb Fakultetin Juridik t\u00eb Universitetit t\u00eb Malit t\u00eb Zi. Gjat\u00eb dit\u00ebve studentore ishte an\u00ebtare aktive e ELSA-s\u00ebs, nj\u00eb organizat\u00eb nd\u00ebrkomb\u00ebtare e student\u00ebve t\u00eb drejt\u00ebsis\u00eb. Ajo \u00ebsht\u00eb Drejtore e Programit n\u00eb Nism\u00ebn Rinore p\u00ebr t\u00eb Drejtat e Njeriut, an\u00ebtare e Aleanc\u00ebs Qytetare, ku fitoi p\u00ebrvoj\u00eb dhe njohuri p\u00ebr krimet e luft\u00ebs n\u00eb ish-Jugosllavi, si dhe p\u00ebrbalimin me t\u00eb kaluar\u00ebn. Ajo ka koordinuar projektet rajonale dhe komb\u00ebtare n\u00eb fushat e t\u00eb drejtave t\u00eb njeriut dhe t\u00eb pakicave, t\u00eb drejtat e t\u00eb rinjve, t\u00eb drejtat e refugjat\u00ebve dhe azilk\u00ebrkues\u00ebve.<\/p>\r\n<p>Gjithashtu \u00ebsht\u00eb e angazhuar n\u00eb ofrimin e ndihm\u00ebs juridike falas p\u00ebr t\u00eb huajt n\u00eb procesin e marrjes s\u00eb mbrojtjes nd\u00ebrkomb\u00ebtare dhe personave n\u00eb integrim. Nj\u00eb pjes\u00eb e pun\u00ebs p\u00ebrfshin gjithashtu vizit\u00ebn dhe monitorimin e situat\u00ebs n\u00eb kufij dhe rrug\u00ebt e migrant\u00ebve q\u00eb kalojn\u00eb n\u00ebp\u00ebr Mal t\u00eb Zi.<\/p>\r\n<p>Q\u00eb nga fillimi i pun\u00ebs me migrant\u00ebt dhe refugjat\u00ebt, ajo ka monitoruar situat\u00ebn n\u00eb lidhje me trafikimin e qenieve njer\u00ebzore, e cila \u00ebsht\u00eb nj\u00eb situat\u00eb e zakonshme n\u00eb mes t\u00eb k\u00ebsaj popullate.<\/p>\r\n<p>P\u00ebrpara Aleanc\u00ebs Qytetare, ajo asistoi n\u00eb projekte n\u00eb lidhje me pun\u00ebn e gjyq\u00ebve n\u00eb Mal t\u00eb Zi, kryerjen e sondazheve nd\u00ebr gjyqtar\u00eb, monitorimin e gjykatave n\u00eb lidhje me respektimin e t\u00eb drejt\u00ebs p\u00ebr gjykim t\u00eb drejt\u00eb dhe autoriteteve t\u00eb ndjekjes.<\/p>\r\n<p>Ajo ka punuar n\u00eb projekte n\u00eb lidhje me p\u00ebrdorimin e gjuh\u00ebve t\u00eb pakicave n\u00eb p\u00ebrdorim zyrtar. Ajo monitoroi raportimin e mediave p\u00ebr procesin e integrimit n\u00eb BE, monitoroi institucionet e mbyllura ku mbaheshin t\u00eb burgosurit, si dhe kushtet n\u00eb t\u00eb cilat ata q\u00ebndronin, si dhe monitorimin e parlamenteve p\u00ebr t\u00eb drejtat e njeriut dhe komitetet e integrimit evropian.<\/p>\r\n<p>Ndoqi Shkoll\u00ebn e t\u00eb Drejtave t\u00eb Njeriut, Shkoll\u00ebn e Manaxhimit t\u00eb Biznesit, Shkoll\u00ebn e Studimeve Politike, si dhe seminare t\u00eb shumta n\u00eb fush\u00ebn e t\u00eb drejtave t\u00eb njeriut dhe mediave, azilit dhe trainimit t\u00eb migracionit, etj.<\/p>\r\n<p>Ajo \u00ebsht\u00eb an\u00ebtare e Grupit t\u00eb Pun\u00ebs p\u00ebr Kapitullin 24 t\u00eb Negociatave q\u00eb nga shtatori 2019 si p\u00ebrfaq\u00ebsuese e OJQ-s\u00eb Aleanca Qytetare.<\/p>\r\n<p>Alexandra \u00ebsht\u00eb an\u00ebtare e K\u00ebshillit t\u00eb Sundimit t\u00eb Ligjit, si p\u00ebrfaq\u00ebsuese e Aleanc\u00ebs Qytetare.<\/p>\r\n<p>Flet rrjedhsh\u00ebm Gjuh\u00ebn angleze.<\/p>\r\n<p><strong>Amina Muriq<\/strong>, Z\u00ebvend\u00ebsdrejtori i P\u00ebrgjithsh\u00ebm, \u00ebsht\u00eb nga Rozhaja. Diplomoi n\u00eb Fakultetin Filozofik n\u00eb Nikshiq, Departamenti i Gjuh\u00ebs angleze dhe let\u00ebrsis\u00eb. Q\u00eb nga viti 2018 \u00ebsht\u00eb studente e magjistratur\u00ebs n\u00eb Fakultetin e Gjuh\u00ebve t\u00eb Huaja pran\u00eb Universitetit Mediteran n\u00eb Podgoric\u00eb. Ajo ka punuar n\u00eb Transportin Hekurudhor t\u00eb Malit t\u00eb Zi, ku gjat\u00eb 10 viteve t\u00eb fundit ka punuar k\u00ebto pun\u00eb: P\u00ebrkthyese n\u00eb gjuh\u00ebn angleze, bashk\u00ebpun\u00ebtore n\u00eb projekte nd\u00ebrkomb\u00ebtare dhe PR. Si menaxher dhe PR, ajo ishte p\u00ebrgjegj\u00ebse p\u00ebr marr\u00ebdh\u00ebniet me publikun t\u00eb korporatave, komunikimet, si dhe pamjen dhe prezantimin e faqes n\u00eb internet t\u00eb kompanis\u00eb. Q\u00eb nga prilli 2019, ajo \u00ebsht\u00eb e pun\u00ebsuar n\u00eb Fakultetin e Turizmit t\u00eb Universitetit Mediteran si asistente n\u00eb l\u00ebnd\u00ebn Business English n\u00eb studimet e vitit I, II dhe III. Gjat\u00eb karrier\u00ebs s\u00eb saj profesionale, ajo ka punuar edhe si asistente e projekteve n\u00eb disa projekte t\u00eb financuara nga institucione nd\u00ebrkomb\u00ebtare si Banka Bot\u00ebrore, Bashkimi Evropian dhe BERZH.<\/p>\r\n<p>Ajo i p\u00eblqen filmat, bi\u00e7iklet\u00ebn dhe udh\u00ebtimet.<\/p>\r\n\r\n\r\n\r\n\r\n\r\n\r\n\r\n\r\n\r\n<p><strong>AN\u00cbTAR\u00cbT E KUVENDIT T\u00cb YIHR MALI I ZI<\/strong><\/p>\r\n\r\n\r\n\r\n<ul class=\"wp-block-list\">\r\n<li>Jellena Ristoviq<\/li>\r\n<li>Zoran Zolla Vuja\u00e7iq<\/li>\r\n<li>Pavle Cupiq<\/li>\r\n<li>Milosh Mitriq<\/li>\r\n<li>Meliha Muriq<\/li>\r\n<li>Almir Chauseviq<\/li>\r\n<\/ul>\r\n","protected":false},"excerpt":{"rendered":"<p>AN\u00cbTAR\u00cbT E BORDIT T\u00cb MENAXHIMIT YIHR Aleksandra Dubak, Drejtori i Programit, \u00ebsht\u00eb nga Podgorica. Ajo diplomoi n\u00eb Fakultetin Juridik t\u00eb Universitetit t\u00eb Malit t\u00eb Zi. Gjat\u00eb dit\u00ebve studentore ishte an\u00ebtare aktive e ELSA-s\u00ebs, nj\u00eb organizat\u00eb nd\u00ebrkomb\u00ebtare e student\u00ebve t\u00eb drejt\u00ebsis\u00eb. Ajo \u00ebsht\u00eb Drejtore e Programit n\u00eb Nism\u00ebn Rinore p\u00ebr t\u00eb [&hellip;]<\/p>\n","protected":false},"author":1,"featured_media":0,"parent":0,"menu_order":0,"comment_status":"closed","ping_status":"closed","template":"","meta":{"footnotes":""},"class_list":["post-4323","page","type-page","status-publish","hentry"],"aioseo_notices":[],"_links":{"self":[{"href":"https:\/\/yihr.me\/alb\/wp-json\/wp\/v2\/pages\/4323","targetHints":{"allow":["GET"]}}],"collection":[{"href":"https:\/\/yihr.me\/alb\/wp-json\/wp\/v2\/pages"}],"about":[{"href":"https:\/\/yihr.me\/alb\/wp-json\/wp\/v2\/types\/page"}],"author":[{"embeddable":true,"href":"https:\/\/yihr.me\/alb\/wp-json\/wp\/v2\/users\/1"}],"replies":[{"embeddable":true,"href":"https:\/\/yihr.me\/alb\/wp-json\/wp\/v2\/comments?post=4323"}],"version-history":[{"count":0,"href":"https:\/\/yihr.me\/alb\/wp-json\/wp\/v2\/pages\/4323\/revisions"}],"wp:attachment":[{"href":"https:\/\/yihr.me\/alb\/wp-json\/wp\/v2\/media?parent=4323"}],"curies":[{"name":"wp","href":"https:\/\/api.w.org\/{rel}","templated":true}]}}