{"id":4293,"date":"2020-03-25T15:13:52","date_gmt":"2020-03-25T15:13:52","guid":{"rendered":"https:\/\/yihr.me\/eng\/?page_id=4293"},"modified":"2023-04-27T08:58:56","modified_gmt":"2023-04-27T08:58:56","slug":"contact","status":"publish","type":"page","link":"https:\/\/yihr.me\/eng\/contact\/","title":{"rendered":"Contact"},"content":{"rendered":"\r\n<p>YIHR Podgorica<br \/><strong>Address:<\/strong> Petra Dedi\u0107a 26, Gra\u0111anska ku\u0107a, 81000 Podgorica, Montenegro<br \/><strong>Tel\/fax:<\/strong> +382 20 513 687 <br \/><strong>Mail:<\/strong> cgoffice@yihr.org<\/p>\r\n\r\n\r\n\r\n<div style=\"height: 70px;\" aria-hidden=\"true\" class=\"wp-block-spacer\"><\/div>\r\n","protected":false},"excerpt":{"rendered":"<p>YIHR PodgoricaAddress: Petra Dedi\u0107a 26, Gra\u0111anska ku\u0107a, 81000 Podgorica, MontenegroTel\/fax: +382 20 513 687 Mail: cgoffice@yihr.org<\/p>\n","protected":false},"author":1,"featured_media":0,"parent":0,"menu_order":0,"comment_status":"closed","ping_status":"closed","template":"","meta":{"footnotes":""},"class_list":["post-4293","page","type-page","status-publish","hentry"],"aioseo_notices":[],"_links":{"self":[{"href":"https:\/\/yihr.me\/eng\/wp-json\/wp\/v2\/pages\/4293","targetHints":{"allow":["GET"]}}],"collection":[{"href":"https:\/\/yihr.me\/eng\/wp-json\/wp\/v2\/pages"}],"about":[{"href":"https:\/\/yihr.me\/eng\/wp-json\/wp\/v2\/types\/page"}],"author":[{"embeddable":true,"href":"https:\/\/yihr.me\/eng\/wp-json\/wp\/v2\/users\/1"}],"replies":[{"embeddable":true,"href":"https:\/\/yihr.me\/eng\/wp-json\/wp\/v2\/comments?post=4293"}],"version-history":[{"count":0,"href":"https:\/\/yihr.me\/eng\/wp-json\/wp\/v2\/pages\/4293\/revisions"}],"wp:attachment":[{"href":"https:\/\/yihr.me\/eng\/wp-json\/wp\/v2\/media?parent=4293"}],"curies":[{"name":"wp","href":"https:\/\/api.w.org\/{rel}","templated":true}]}}